{"id":150,"date":"2016-12-05T18:08:36","date_gmt":"2016-12-05T17:08:36","guid":{"rendered":"http:\/\/www.rumpf-hof.at\/?page_id=150"},"modified":"2016-12-06T13:04:12","modified_gmt":"2016-12-06T12:04:12","slug":"belegungsplan","status":"publish","type":"page","link":"http:\/\/www.rumpf-hof.at\/?page_id=150","title":{"rendered":"Belegungsplan"},"content":{"rendered":"<h1>Belegungsplan<\/h1>\n<p>Nachfolgend die Verf\u00fcgbarkeit&nbsp;f\u00fcr die n\u00e4chsten Monate.<\/p>\n","protected":false},"excerpt":{"rendered":"<p>Belegungsplan Nachfolgend die Verf\u00fcgbarkeit&nbsp;f\u00fcr die n\u00e4chsten Monate.<\/p>\n","protected":false},"author":1,"featured_media":0,"parent":0,"menu_order":0,"comment_status":"closed","ping_status":"closed","template":"Belegungsplan.php","meta":[],"_links":{"self":[{"href":"http:\/\/www.rumpf-hof.at\/index.php?rest_route=\/wp\/v2\/pages\/150"}],"collection":[{"href":"http:\/\/www.rumpf-hof.at\/index.php?rest_route=\/wp\/v2\/pages"}],"about":[{"href":"http:\/\/www.rumpf-hof.at\/index.php?rest_route=\/wp\/v2\/types\/page"}],"author":[{"embeddable":true,"href":"http:\/\/www.rumpf-hof.at\/index.php?rest_route=\/wp\/v2\/users\/1"}],"replies":[{"embeddable":true,"href":"http:\/\/www.rumpf-hof.at\/index.php?rest_route=%2Fwp%2Fv2%2Fcomments&post=150"}],"version-history":[{"count":6,"href":"http:\/\/www.rumpf-hof.at\/index.php?rest_route=\/wp\/v2\/pages\/150\/revisions"}],"predecessor-version":[{"id":270,"href":"http:\/\/www.rumpf-hof.at\/index.php?rest_route=\/wp\/v2\/pages\/150\/revisions\/270"}],"wp:attachment":[{"href":"http:\/\/www.rumpf-hof.at\/index.php?rest_route=%2Fwp%2Fv2%2Fmedia&parent=150"}],"curies":[{"name":"wp","href":"https:\/\/api.w.org\/{rel}","templated":true}]}}