{"id":13,"date":"2016-11-29T14:44:12","date_gmt":"2016-11-29T13:44:12","guid":{"rendered":"http:\/\/www.rumpf-hof.at\/?page_id=13"},"modified":"2017-01-27T16:03:47","modified_gmt":"2017-01-27T15:03:47","slug":"ferienwohnungen","status":"publish","type":"page","link":"http:\/\/www.rumpf-hof.at\/?page_id=13","title":{"rendered":"Ferienhaus"},"content":{"rendered":"<div>\n<p>\r\n\t<div class=\"slideshow_container slideshow_container_style-light\" style=\"height: 340px; \" data-slideshow-id=\"27\" data-style-name=\"style-light\" data-style-version=\"2.3.1\" >\r\n\r\n\t\t\t\t\t<div class=\"slideshow_loading_icon\"><\/div>\r\n\t\t\r\n\t\t<div class=\"slideshow_content\" style=\"display: none;\">\r\n\r\n\t\t\t<div class=\"slideshow_view\">\r\n\t\t\t\t<div class=\"slideshow_slide slideshow_slide_image\">\r\n\t\t\t\t\t\t\t\t\t\t\t<img src=\"http:\/\/www.rumpf-hof.at\/wp-content\/uploads\/2016\/11\/DSC00021.jpg\" alt=\"dsc00021\" width=\"1000\" height=\"669\" \/>\r\n\t\t\t\t\t\t\t\t\t\t<div class=\"slideshow_description_box slideshow_transparent\">\r\n\t\t\t\t\t\t<div class=\"slideshow_title\">dsc00021<\/div>\t\t\t\t\t\t\t\t\t\t\t<\/div>\r\n\t\t\t\t<\/div>\r\n\r\n\t\t\t\t\t\t\r\n\t\t\t\t<div class=\"slideshow_slide slideshow_slide_image\">\r\n\t\t\t\t\t\t\t\t\t\t\t<img src=\"http:\/\/www.rumpf-hof.at\/wp-content\/uploads\/2016\/11\/DSC00216.jpg\" alt=\"\" width=\"1000\" height=\"669\" \/>\r\n\t\t\t\t\t\t\t\t\t\t<div class=\"slideshow_description_box slideshow_transparent\">\r\n\t\t\t\t\t\t\t\t\t\t\t\t\t\t\t\t\t<\/div>\r\n\t\t\t\t<\/div>\r\n\r\n\t\t\t\t\t\t<div style=\"clear: both;\"><\/div><\/div><div class=\"slideshow_view\">\r\n\t\t\t\t<div class=\"slideshow_slide slideshow_slide_image\">\r\n\t\t\t\t\t\t\t\t\t\t\t<img src=\"http:\/\/www.rumpf-hof.at\/wp-content\/uploads\/2016\/11\/DSC00084-1.jpg\" alt=\"\" width=\"1000\" height=\"669\" \/>\r\n\t\t\t\t\t\t\t\t\t\t<div class=\"slideshow_description_box slideshow_transparent\">\r\n\t\t\t\t\t\t\t\t\t\t\t\t\t\t\t\t\t<\/div>\r\n\t\t\t\t<\/div>\r\n\r\n\t\t\t\t\t\t\r\n\t\t\t\t<div class=\"slideshow_slide slideshow_slide_image\">\r\n\t\t\t\t\t\t\t\t\t\t\t<img src=\"http:\/\/www.rumpf-hof.at\/wp-content\/uploads\/2016\/11\/DSC00074-1.jpg\" alt=\"\" width=\"1000\" height=\"669\" \/>\r\n\t\t\t\t\t\t\t\t\t\t<div class=\"slideshow_description_box slideshow_transparent\">\r\n\t\t\t\t\t\t\t\t\t\t\t\t\t\t\t\t\t<\/div>\r\n\t\t\t\t<\/div>\r\n\r\n\t\t\t\t\t\t<div style=\"clear: both;\"><\/div><\/div><div class=\"slideshow_view\">\r\n\t\t\t\t<div class=\"slideshow_slide slideshow_slide_image\">\r\n\t\t\t\t\t\t\t\t\t\t\t<img src=\"http:\/\/www.rumpf-hof.at\/wp-content\/uploads\/2016\/11\/DSC00029.jpg\" alt=\"\" width=\"1000\" height=\"669\" \/>\r\n\t\t\t\t\t\t\t\t\t\t<div class=\"slideshow_description_box slideshow_transparent\">\r\n\t\t\t\t\t\t\t\t\t\t\t\t\t\t\t\t\t<\/div>\r\n\t\t\t\t<\/div>\r\n\r\n\t\t\t\t\t\t\r\n\t\t\t\t<div class=\"slideshow_slide slideshow_slide_image\">\r\n\t\t\t\t\t\t\t\t\t\t\t<img src=\"http:\/\/www.rumpf-hof.at\/wp-content\/uploads\/2016\/11\/DSC00016.jpg\" alt=\"\" width=\"1000\" height=\"669\" \/>\r\n\t\t\t\t\t\t\t\t\t\t<div class=\"slideshow_description_box slideshow_transparent\">\r\n\t\t\t\t\t\t\t\t\t\t\t\t\t\t\t\t\t<\/div>\r\n\t\t\t\t<\/div>\r\n\r\n\t\t\t\t\t\t<div style=\"clear: both;\"><\/div><\/div>\r\n\t\t<\/div>\r\n\r\n\t\t<div class=\"slideshow_controlPanel slideshow_transparent\" style=\"display: none;\"><ul><li class=\"slideshow_togglePlay\" data-play-text=\"Abspielen\" data-pause-text=\"Pause\"><\/li><\/ul><\/div>\r\n\r\n\t\t<div class=\"slideshow_button slideshow_previous slideshow_transparent\" role=\"button\" data-previous-text=\"Zur\u00fcck\" style=\"display: none;\"><\/div>\r\n\t\t<div class=\"slideshow_button slideshow_next slideshow_transparent\" role=\"button\" data-next-text=\"N\u00e4chstes\" style=\"display: none;\"><\/div>\r\n\r\n\t\t<div class=\"slideshow_pagination\" style=\"display: none;\" data-go-to-text=\"Gehe zum Bild\"><div class=\"slideshow_pagination_center\"><\/div><\/div>\r\n\r\n\t\t<!-- WordPress Slideshow Version 2.3.1 -->\r\n\r\n\t\t\t<\/div>\r\n\r\n[slideshow_deploy id=&#8217;27&#8217;&#093;<\/p>\n<h1>Urlaubsziel Schilcherland<\/h1>\n<p>Unser Ferienhaus liegt in Stainz im wundersch\u00f6nen Schilcherland. Man kann bei herrlicher Aussicht die Ruhe so richtig genie\u00dfen, hat aber auch eine gute Verbindung zu den sch\u00f6nsten Sehensw\u00fcrdigkeiten in n\u00e4chster N\u00e4he. Kinder f\u00fchlen sich auch bei uns am Bauernhof immer sehr wohl, der 200m entfernt liegt.<br \/>\n<strong>\u00dcberzeugen Sie sich selbst, Sie werden begeistert sein!<\/strong><\/p>\n<p>Unser Ferienhaus besteht aus 2 voneinander getrennten Wohnungen, eine ebenerdig und die andere im Obergescho\u00df. Sie haben beide einen eigenen Eingang.<\/p>\n<table>\n<tbody>\n<tr>\n<td>\n<h3>Wohnung im Erdgescho\u00df:<\/h3>\n<\/td>\n<\/tr>\n<tr>\n<td><a href=\"?page_id=23\"><img loading=\"lazy\" class=\"alignleft size-medium wp-image-40\" src=\"http:\/\/www.rumpf-hof.at\/wp-content\/uploads\/2016\/11\/DSC00117-300x201.jpg\" alt=\"dsc00117\" width=\"300\" height=\"201\" srcset=\"http:\/\/www.rumpf-hof.at\/wp-content\/uploads\/2016\/11\/DSC00117-300x201.jpg 300w, http:\/\/www.rumpf-hof.at\/wp-content\/uploads\/2016\/11\/DSC00117-768x514.jpg 768w, http:\/\/www.rumpf-hof.at\/wp-content\/uploads\/2016\/11\/DSC00117.jpg 1000w\" sizes=\"(max-width: 300px) 100vw, 300px\" \/><\/a><\/td>\n<td>\n<ul>\n<li>1 Doppelzimmer<\/li>\n<li>K\u00fcche<\/li>\n<li>Dusche<\/li>\n<li>WC<\/li>\n<li>Wohnraum mit TV<\/li>\n<\/ul>\n<\/td>\n<td>\n<ul>\n<li>zus\u00e4tzliches Hochbett<\/li>\n<li>Garage<\/li>\n<li>Terrasse<\/li>\n<li>2 Erw. +2 Kinder<\/li>\n<\/ul>\n<\/td>\n<\/tr>\n<tr>\n<td>\n<h3>Wohnung im Hochparterre:<\/h3>\n<\/td>\n<\/tr>\n<tr>\n<td><a href=\"?page_id=82\"><img loading=\"lazy\" class=\"alignleft size-medium wp-image-38\" src=\"http:\/\/www.rumpf-hof.at\/wp-content\/uploads\/2016\/11\/DSC00187-300x201.jpg\" alt=\"\" width=\"300\" height=\"201\" srcset=\"http:\/\/www.rumpf-hof.at\/wp-content\/uploads\/2016\/11\/DSC00187-300x201.jpg 300w, http:\/\/www.rumpf-hof.at\/wp-content\/uploads\/2016\/11\/DSC00187-768x514.jpg 768w, http:\/\/www.rumpf-hof.at\/wp-content\/uploads\/2016\/11\/DSC00187.jpg 1000w\" sizes=\"(max-width: 300px) 100vw, 300px\" \/><\/a><\/td>\n<td>\n<ul>\n<li>2 Doppelzimmer<\/li>\n<li>Wohnraum mit TV<\/li>\n<li>K\u00fcche<\/li>\n<li>Dusche und WC<\/li>\n<\/ul>\n<\/td>\n<td>\n<ul>\n<li>Garage<\/li>\n<li>separates WC<\/li>\n<li>Balkon<\/li>\n<li>4 Erw.+2 Kinder<\/li>\n<\/ul>\n<\/td>\n<\/tr>\n<\/tbody>\n<\/table>\n<p>Unser Ferienhaus bietet Platz f\u00fcr 2 Familien, die gemeinsam und doch alleine den Urlaub verbringen wollen.<\/p>\n<h1>Beschreibung der Umgebung<\/h1>\n<p>Inmitten Wiesen und W\u00e4lder k\u00f6nnen Sie die herrliche Aussicht auf die Koralpe und die Schilchergegend genie\u00dfen.Wanderungen \u00fcber die herrlichen Weinberge, Reit- und Badem\u00f6glichkeiten werden sehr gerne in Inspruch genommen.<br class=\"\">Au\u00dferdem kann man von unserem Ferienhaus Thermen und auch Schigebiete gut erreichen.&nbsp;<\/p>\n<\/div>\n","protected":false},"excerpt":{"rendered":"<p>Urlaubsziel Schilcherland Unser Ferienhaus liegt in Stainz im wundersch\u00f6nen Schilcherland. Man kann bei herrlicher Aussicht die Ruhe so richtig genie\u00dfen, hat aber auch eine gute Verbindung zu den sch\u00f6nsten Sehensw\u00fcrdigkeiten in n\u00e4chster N\u00e4he. Kinder f\u00fchlen sich auch bei uns am Bauernhof immer sehr wohl, der 200m entfernt liegt. \u00dcberzeugen Sie sich selbst, Sie werden begeistert [&hellip;]<\/p>\n","protected":false},"author":1,"featured_media":0,"parent":0,"menu_order":0,"comment_status":"closed","ping_status":"closed","template":"","meta":[],"_links":{"self":[{"href":"http:\/\/www.rumpf-hof.at\/index.php?rest_route=\/wp\/v2\/pages\/13"}],"collection":[{"href":"http:\/\/www.rumpf-hof.at\/index.php?rest_route=\/wp\/v2\/pages"}],"about":[{"href":"http:\/\/www.rumpf-hof.at\/index.php?rest_route=\/wp\/v2\/types\/page"}],"author":[{"embeddable":true,"href":"http:\/\/www.rumpf-hof.at\/index.php?rest_route=\/wp\/v2\/users\/1"}],"replies":[{"embeddable":true,"href":"http:\/\/www.rumpf-hof.at\/index.php?rest_route=%2Fwp%2Fv2%2Fcomments&post=13"}],"version-history":[{"count":43,"href":"http:\/\/www.rumpf-hof.at\/index.php?rest_route=\/wp\/v2\/pages\/13\/revisions"}],"predecessor-version":[{"id":367,"href":"http:\/\/www.rumpf-hof.at\/index.php?rest_route=\/wp\/v2\/pages\/13\/revisions\/367"}],"wp:attachment":[{"href":"http:\/\/www.rumpf-hof.at\/index.php?rest_route=%2Fwp%2Fv2%2Fmedia&parent=13"}],"curies":[{"name":"wp","href":"https:\/\/api.w.org\/{rel}","templated":true}]}}